{"id":2,"date":"2014-11-02T18:12:39","date_gmt":"2014-11-02T18:12:39","guid":{"rendered":"http:\/\/petergaber.com\/?page_id=2"},"modified":"2025-10-05T19:05:54","modified_gmt":"2025-10-05T19:05:54","slug":"o-meni","status":"publish","type":"page","link":"https:\/\/petergaber.com\/sl\/","title":{"rendered":"kdo sem in zakaj ustvarjam"},"content":{"rendered":"<div class=\"wp-block-image\">\n<figure class=\"aligncenter size-large is-resized\"><img loading=\"lazy\" decoding=\"async\" width=\"1024\" height=\"914\" src=\"https:\/\/petergaber.com\/wp-content\/uploads\/2023\/06\/peter-1-1024x914.jpg\" alt=\"\" class=\"wp-image-1125\" style=\"width:822px;height:733px\" srcset=\"https:\/\/petergaber.com\/wp-content\/uploads\/2023\/06\/peter-1-1024x914.jpg 1024w, https:\/\/petergaber.com\/wp-content\/uploads\/2023\/06\/peter-1-600x536.jpg 600w, https:\/\/petergaber.com\/wp-content\/uploads\/2023\/06\/peter-1-768x686.jpg 768w, https:\/\/petergaber.com\/wp-content\/uploads\/2023\/06\/peter-1-1536x1371.jpg 1536w, https:\/\/petergaber.com\/wp-content\/uploads\/2023\/06\/peter-1-13x12.jpg 13w, https:\/\/petergaber.com\/wp-content\/uploads\/2023\/06\/peter-1.jpg 2048w\" sizes=\"auto, (max-width: 1024px) 100vw, 1024px\" \/><\/figure>\n<\/div>\n\n\n<div style=\"height:38px\" aria-hidden=\"true\" class=\"wp-block-spacer\"><\/div>\n\n\n\n<div class=\"wp-block-group\"><div class=\"wp-block-group__inner-container is-layout-constrained wp-block-group-is-layout-constrained\">\n<p class=\"has-text-align-center\"><em><strong>\u017divjo! <br>Sem Peter in ve\u010dino svojega \u010dasa posvetim risanju in slikanju novih bitij in prostorov. <\/strong><\/em><\/p>\n\n\n\n<p class=\"has-text-align-center\">Odkar sem lahko prijel svin\u010dnik, sem \u017eelel poustvarjati videno in ustvarjati novo. <br>Za\u010del sem z risanjem hi\u0161e in dru\u017eine, nadaljeval z liki iz stripov in risank. <br>Vzljubil sem fantazijski svet pisatelja Tolkiena <br>in kon\u010dal na Akademiji za likovno umetnost v Ljubljani, kjer sem uradno postal <strong>slikar.<\/strong><br><br>Najbolj me zanima <strong>\u010dlovekov notranji svet<\/strong>. <em>Kaj nas oblikuje v to, kar smo? Kako raziskujemo, ljubimo, sovra\u017eimo, sprejemamo, zavra\u010damo, se povezujemo, napademo ali se bojimo? Kje in kako smo ob\u010dutljivi in ranljivi? Kako se s tem soo\u010damo? <\/em><\/p>\n\n\n\n<div class=\"wp-block-group\"><div class=\"wp-block-group__inner-container is-layout-constrained wp-block-group-is-layout-constrained\">\n<p class=\"has-text-align-center\">Pri ustvarjanju podredim svoje misli tako, da \u010dim bolj pustim intuiciji prosto pot. <br><strong>Kompozicija<\/strong> je pripovedovanje zgodbe brez besed. <strong>Oblike<\/strong> so moje odlo\u010ditve, <strong>barve<\/strong> pa moje ob\u010dutenje motiva.<strong> Tekstura<\/strong> je zame ko\u017ea notranjega sveta, zato ji posve\u010dam posebno pozornost. <br>Obo\u017eujem <strong>potezo<\/strong> \u010dopi\u010da. Izra\u017ea originalnost, sve\u017eino in \u010dlove\u0161ko kreativnost. <br>Vsaki\u010d je druga\u010dna in ponudi nekaj novega. <br>Prav tako imam rad naravne postopke ustvarjanja, packanja, izdelovanja, su\u0161enja, mazanja\u2026 <br>Tudi, ko gre za <em><strong>digitalne izdelke<\/strong><\/em> posku\u0161am poustvariti vtis naravnega. <br>Ustvarjanje me vodi prek risanja do slikanja in oboje do ilustracije. <br>V\u010dasih ustvarim tudi kak\u0161no risanko, kostum ali skulpturo.<br>                    <br>                         <\/p>\n<\/div><\/div>\n\n\n\n<blockquote class=\"wp-block-quote is-layout-flow wp-block-quote-is-layout-flow\">\n<p><\/p>\n<cite>Likovno ustvarjanje je hvale\u017ena stvar, ker se znanja, pridobljena na enem podro\u010dju, da uporabiti tudi na drugih. Tako se ves \u010das u\u010dim in rastem ob raziskovanju sebe in drugih, narave in na\u0161ega celotnega bivanja.<br><\/cite><\/blockquote>\n\n\n\n<p class=\"has-text-align-center\">Rojen sem bil januarja, leta 1980, v Ljubljani. \u017divim in delam med Ljubljano in Medvodami. <br>Leta 2001 sem za\u010del \u0161tudirati slikarstvo na Akademiji za likovno umetnost v Ljubljani, ki sem ga kot magister umetnosti akademski slikar, zaklju\u010dil leta 2009. <br>V umetnika so me spreminjali karakterji, kot so Herman Gvardjan\u010di\u010d, Franc Novinc, Borut Vogelnik, Toma\u017e Brejc, Nadja Zgonik, Jo\u017eef Muhovi\u010d in Sergej Kapus. <br><br>Med letoma 2007 in 2013 sem s slikarko Renato Grmov\u0161ek sodeloval v projektu Oba\/Oboje, kjer sva raziskovala slikanje v tandemu. <br>V letu 2017 sem bil del slikarske izmenjave Muzeja v \u0160kofji Loki, z galerijo G\u00fcler Sanat v Tur\u010diji. Tam sem naslikal cikel <em>Zbudi mojo osamljenost<\/em> in ga predstavil v Tur\u010diji, na Mad\u017earskem in v Sloveniji.  <br><br>Temeljito sem se preskusil tudi kot <strong><em><a rel=\"noreferrer noopener\" href=\"https:\/\/petergaber.com\/sl\/likovni-tecaji\/\" target=\"_blank\">likovni mentor<\/a><\/em><\/strong> in od leta 2007 naprej vodil \u0161tevilne delavnice in te\u010daje.<\/p>\n<\/div><\/div>\n\n\n\n<div style=\"height:30px\" aria-hidden=\"true\" class=\"wp-block-spacer\"><\/div>\n\n\n\n<div style=\"height:26px\" aria-hidden=\"true\" class=\"wp-block-spacer\"><\/div>\n\n\n\n<div class=\"wp-block-envira-envira-gallery\"><div id=\"envira-gallery-wrap-1777\" class=\"envira-gallery-wrap envira-gallery-theme-base envira-lightbox-theme-base\" itemscope itemtype=\"https:\/\/schema.org\/ImageGallery\"><div data-row-height=\"\" data-gallery-theme=\"\" id=\"envira-gallery-1777\" class=\"envira-gallery-public  envira-gallery-1-columns envira-clear enviratope envira-gallery-css-animations\" data-envira-columns=\"1\"><div id=\"envira-gallery-item-1835\" class=\"envira-gallery-item enviratope-item envira-gallery-item-1 envira-lazy-load\" style=\"padding-left: 1px; padding-bottom: 1px; padding-right: 1px;\"  itemscope itemtype=\"https:\/\/schema.org\/ImageObject\"><div class=\"envira-gallery-item-inner\"><div class=\"envira-gallery-position-overlay  envira-gallery-top-left\"><\/div><div class=\"envira-gallery-position-overlay  envira-gallery-top-right\"><\/div><div class=\"envira-gallery-position-overlay  envira-gallery-bottom-left\"><\/div><div class=\"envira-gallery-position-overlay  envira-gallery-bottom-right\"><\/div><a href=\"https:\/\/petergaber.com\/wp-content\/uploads\/2023\/07\/peter_iz-strani-NOV_1_PNG.png\" class=\"envira-gallery-1777 envira-gallery-link\" rel=\"enviragallery1777\" title=\"peter_gaber_slikar_in_ilustrator\" data-envira-caption=\"peter_gaber_slikar_in_ilustrator\" data-envira-retina=\"\" data-thumbnail=\"\"  itemprop=\"contentUrl\"><div class=\"envira-lazy\" data-test-width=\"148\" data-test-height=\"600\" style=\"padding-bottom:405.40540540541%;\"><img decoding=\"async\" id=\"envira-gallery-image-1835\" class=\"envira-gallery-image envira-gallery-image-1\" data-envira-index=\"1\" src=\"https:\/\/petergaber.com\/wp-content\/uploads\/2023\/07\/peter_iz-strani-NOV_1_PNG.png\" data-envira-src=\"https:\/\/petergaber.com\/wp-content\/uploads\/2023\/07\/peter_iz-strani-NOV_1_PNG.png\" data-envira-gallery-id=\"1777\" data-envira-item-id=\"1835\" data-envira-caption=\"peter_gaber_slikar_in_ilustrator\" alt=\"peter_gaber_slikar_in_ilustrator\" title=\"peter_gaber_slikar_in_ilustrator\"  itemprop=\"thumbnailUrl\" data-envira-srcset=\"https:\/\/petergaber.com\/wp-content\/uploads\/2023\/07\/peter_iz-strani-NOV_1_PNG.png 400w,https:\/\/petergaber.com\/wp-content\/uploads\/2023\/07\/peter_iz-strani-NOV_1_PNG.png 2x\" srcset=\"data:image\/gif;base64,R0lGODlhAQABAIAAAP\/\/\/\/\/\/\/yH5BAEKAAEALAAAAAABAAEAAAICTAEAOw==\" \/><\/div><\/a><\/div><\/div><\/div><\/div><noscript><img decoding=\"async\" src=\"https:\/\/petergaber.com\/wp-content\/uploads\/2023\/07\/peter_iz-strani-NOV_1_PNG.png\" alt=\"peter_gaber_slikar_in_ilustrator\" \/><\/noscript><\/div>\n\n\n\n<h2 class=\"wp-block-heading has-text-align-center\"><br><br>razstave in projekti  \/2007-2023\/<\/h2>\n\n\n\n<p><strong>2023<\/strong> &#8211; Ro\u0161ki kvartir, (kustosinja Ma\u0161a \u017dek\u0161, slikarji: Peter Gaber, Tina Dobrajc, Mito Gegi\u010d, Mitja Ficko, Monika Slemc Klav\u017ear), Likovni salon Ko\u010devje, Ko\u010devje<br><strong>2022 <\/strong>&#8211; Svet, ki se rojeva (The coming world), Groharjeva galerija, \u0160kofja Loka<br><strong>2022<\/strong> &#8211; Poslikava rekvizitov za reklamni video igre Diablo 4, Utopia film, Slovenija<br><strong>2022<\/strong> &#8211; Ilustracije za u\u010dbenik angle\u0161\u010dine za osnovno\u0161olce, Zalo\u017eba Tangram<br><strong>2021-2023<\/strong> &#8211;&nbsp;Ilustracije za igro s kartami Destiny&#8217;s Divide, Photoshop<br><strong>2021<\/strong> &#8211; Svet me oblikuje, Kosovelov dom, Se\u017eana<br><strong>2020<\/strong> &#8211; <a href=\"https:\/\/www.youtube.com\/watch?v=qATFp4iRFlw&amp;t=1s&amp;ab_channel=PeterGaber\" data-type=\"URL\" data-id=\"https:\/\/www.youtube.com\/watch?v=qATFp4iRFlw&amp;t=1s&amp;ab_channel=PeterGaber\" target=\"_blank\" rel=\"noreferrer noopener\">Tori in Max<\/a> (risani film), Panorama na Animateki 2020, Kinodvor, Ljubljana<br><strong>2019<\/strong> &#8211; Zbudi mojo osamljenost, Likovni salon, Pokrajinski muzej Ko\u010devje, Ko\u010devje<br><strong>2019-2023<\/strong> &#8211; Ilustracije za animacije in interaktivne igre v slovenskem Planinskem muzeju, Mojstrana, zalo\u017eba Pelikula<br><strong>2019 <\/strong>&#8211; Razstava o \u010debelah, ilustracije, Dom \u010debelarjev Brode, Poljanska dolina<br><strong>2018<\/strong> &#8211; Peter Gaber, Dvorec Amad\u00e9-Bajz\u00e1th-Pappenheim, Iszkaszentgy\u00f6rgy, Mad\u017earska<br><strong>2018<\/strong> &#8211; Zbudi mojo osamljenost, Galerija na gradu, \u0160kofja loka<br><strong>2018<\/strong> &#8211; Wake up my loneliness, G\u00fcler Sanat, Ankara, Tur\u010dija<br><strong>2018<\/strong> &#8211; Groharjeva \u0161tipendija, \u0160kofja Loka<br><strong>2017<\/strong> &#8211; Gozdni strah, galerija Sre\u010di\u0161\u010de, hostel Celica, Ljubljana<br><strong>2017<\/strong> &#8211; Gozdni strah, Layerjeva hi\u0161a, Kranj<br><strong>2016<\/strong> &#8211; Slovenindija, Exhibition at the 25th anniversary of Slovenia\u2019s independence, Narodna galerija moderne umetnosti, New Delhi, Indija<br><strong>2016<\/strong> &#8211; Ilustrations for the Records of Early English Drama North-East exhibition, Univerza v Durhamu, Anglija<br><strong>2015<\/strong> &#8211; \u010clovek, glej, razstava ob 70-letnici zaklju\u010dka 2. svetovne vojne, Nunski samostan, \u0160kofja Loka<br><strong>2015<\/strong> &#8211; Sodobna pokrajina, \u010cetrti mednarodni likovni festival, Mestna hi\u0161a, Kranj<br><strong>2015<\/strong> &#8211; De\u010dek in gozd (risani film), Panorama na Animateki 2015, Kinodvor, Ljubljana<br><strong>2014<\/strong> &#8211; GaberPintar, Sokolski dom, \u0160kofja Loka<br><strong>2014<\/strong> &#8211; Zbirka v nastajanju, razstava \u010dlanov Zdru\u017eenja umetnikov \u0160kofje loke, Galerija Lo\u0161kega muzeja<br><strong>2014<\/strong> &#8211; Muze, razstava slikarjev v sodelovanju z arhitekti, Mesec oblikovanja, biv\u0161a tiskarna Mladinske knjige, Ljubljana<br><strong>2013<\/strong> &#8211; Formalizirana gesta, Erbergovi paviljoni, Dol pri Ljubljani, Slovenija<br><strong>2013<\/strong> &#8211; Ex-tempore Sora 2013, 1. Nagrada, Sora pri Medvodah<br><strong>2012<\/strong> &#8211; Oba\/Oboje, timska razstava s slikarko Renato Grmov\u0161ek, KUD France Pre\u0161eren, Ljubljana, Slovenija<br><strong>2010<\/strong> &#8211; Formalizirana gesta, Hest, Ljubljana, Slovenija<br><strong>2009<\/strong> &#8211; \u0160tudentska slikarska razstava, Universal Cube, Leibzig, Nem\u010dija<br><strong>2007<\/strong> &#8211; Formalizirana gesta, KUD France Pre\u0161eren, Ljubljana, Slovenija<\/p>\n\n\n\n<div style=\"height:64px\" aria-hidden=\"true\" class=\"wp-block-spacer\"><\/div>\n\n\n\n<div class=\"wp-block-columns is-layout-flex wp-container-core-columns-is-layout-9d6595d7 wp-block-columns-is-layout-flex\">\n<div class=\"wp-block-column is-vertically-aligned-center is-layout-flow wp-block-column-is-layout-flow\">\n<figure class=\"wp-block-image size-large\"><a href=\"https:\/\/petergaber.com\/sl\/dela\/\"><img loading=\"lazy\" decoding=\"async\" width=\"1024\" height=\"85\" src=\"https:\/\/petergaber.com\/wp-content\/uploads\/2023\/06\/GUMB1-2-1024x85.png\" alt=\"\" class=\"wp-image-1115\" srcset=\"https:\/\/petergaber.com\/wp-content\/uploads\/2023\/06\/GUMB1-2-1024x85.png 1024w, https:\/\/petergaber.com\/wp-content\/uploads\/2023\/06\/GUMB1-2-600x50.png 600w, https:\/\/petergaber.com\/wp-content\/uploads\/2023\/06\/GUMB1-2-768x64.png 768w, https:\/\/petergaber.com\/wp-content\/uploads\/2023\/06\/GUMB1-2-1536x128.png 1536w, https:\/\/petergaber.com\/wp-content\/uploads\/2023\/06\/GUMB1-2-2048x171.png 2048w, https:\/\/petergaber.com\/wp-content\/uploads\/2023\/06\/GUMB1-2-18x1.png 18w\" sizes=\"auto, (max-width: 1024px) 100vw, 1024px\" \/><\/a><\/figure>\n<\/div>\n<\/div>\n\n\n\n<div style=\"height:30px\" aria-hidden=\"true\" class=\"wp-block-spacer\"><\/div>\n\n\n<div class=\"wp-block-image\">\n<figure class=\"aligncenter size-large\"><img loading=\"lazy\" decoding=\"async\" width=\"1024\" height=\"626\" src=\"https:\/\/petergaber.com\/wp-content\/uploads\/2023\/05\/04-1024x626.jpg\" alt=\"\" class=\"wp-image-831\" srcset=\"https:\/\/petergaber.com\/wp-content\/uploads\/2023\/05\/04-1024x626.jpg 1024w, https:\/\/petergaber.com\/wp-content\/uploads\/2023\/05\/04-600x367.jpg 600w, https:\/\/petergaber.com\/wp-content\/uploads\/2023\/05\/04-768x470.jpg 768w, https:\/\/petergaber.com\/wp-content\/uploads\/2023\/05\/04-18x12.jpg 18w, https:\/\/petergaber.com\/wp-content\/uploads\/2023\/05\/04.jpg 1308w\" sizes=\"auto, (max-width: 1024px) 100vw, 1024px\" \/><\/figure>\n<\/div>\n\n\n<div style=\"height:64px\" aria-hidden=\"true\" class=\"wp-block-spacer\"><\/div>\n\n\n\n<hr class=\"wp-block-separator aligncenter has-alpha-channel-opacity is-style-dots\"\/>\n\n\n\n<p class=\"has-text-align-center\">sodelovanja<\/p>\n\n\n<div class=\"wp-block-image\">\n<figure class=\"aligncenter size-full is-resized\"><img loading=\"lazy\" decoding=\"async\" width=\"960\" height=\"277\" src=\"https:\/\/petergaber.com\/wp-content\/uploads\/2023\/06\/peter_gaber_sllikar_ilustrator_sodelovanja_podjetja_logo.png\" alt=\"\" class=\"wp-image-1220\" style=\"width:840px;height:242px\" srcset=\"https:\/\/petergaber.com\/wp-content\/uploads\/2023\/06\/peter_gaber_sllikar_ilustrator_sodelovanja_podjetja_logo.png 960w, https:\/\/petergaber.com\/wp-content\/uploads\/2023\/06\/peter_gaber_sllikar_ilustrator_sodelovanja_podjetja_logo-600x173.png 600w, https:\/\/petergaber.com\/wp-content\/uploads\/2023\/06\/peter_gaber_sllikar_ilustrator_sodelovanja_podjetja_logo-768x222.png 768w, https:\/\/petergaber.com\/wp-content\/uploads\/2023\/06\/peter_gaber_sllikar_ilustrator_sodelovanja_podjetja_logo-18x5.png 18w\" sizes=\"auto, (max-width: 960px) 100vw, 960px\" \/><\/figure>\n<\/div>","protected":false},"excerpt":{"rendered":"<p>\u017divjo! Sem Peter in ve\u010dino svojega \u010dasa posvetim risanju in slikanju novih bitij in prostorov. Odkar sem lahko prijel svin\u010dnik, sem \u017eelel poustvarjati videno in ustvarjati novo. Za\u010del sem z risanjem hi\u0161e in dru\u017eine, nadaljeval z liki iz stripov in risank. Vzljubil sem fantazijski svet pisatelja Tolkiena in kon\u010dal na Akademiji za likovno umetnost v [&hellip;]<\/p>\n","protected":false},"author":1,"featured_media":0,"parent":0,"menu_order":0,"comment_status":"closed","ping_status":"closed","template":"","meta":{"footnotes":""},"class_list":["post-2","page","type-page","status-publish","hentry"],"yoast_head":"<!-- This site is optimized with the Yoast SEO plugin v26.9 - https:\/\/yoast.com\/product\/yoast-seo-wordpress\/ -->\n<title>kdo sem in zakaj ustvarjam - PETER GABER<\/title>\n<meta name=\"robots\" content=\"index, follow, max-snippet:-1, max-image-preview:large, max-video-preview:-1\" \/>\n<link rel=\"canonical\" href=\"https:\/\/petergaber.com\/sl\/\" \/>\n<meta property=\"og:locale\" content=\"sl_SI\" \/>\n<meta property=\"og:type\" content=\"article\" \/>\n<meta property=\"og:title\" content=\"kdo sem in zakaj ustvarjam - PETER GABER\" \/>\n<meta property=\"og:description\" content=\"\u017divjo! Sem Peter in ve\u010dino svojega \u010dasa posvetim risanju in slikanju novih bitij in prostorov. Odkar sem lahko prijel svin\u010dnik, sem \u017eelel poustvarjati videno in ustvarjati novo. Za\u010del sem z risanjem hi\u0161e in dru\u017eine, nadaljeval z liki iz stripov in risank. Vzljubil sem fantazijski svet pisatelja Tolkiena in kon\u010dal na Akademiji za likovno umetnost v [&hellip;]\" \/>\n<meta property=\"og:url\" content=\"https:\/\/petergaber.com\/sl\/\" \/>\n<meta property=\"og:site_name\" content=\"PETER GABER\" \/>\n<meta property=\"article:modified_time\" content=\"2025-10-05T19:05:54+00:00\" \/>\n<meta property=\"og:image\" content=\"https:\/\/petergaber.com\/wp-content\/uploads\/2023\/06\/peter-1-1024x914.jpg\" \/>\n<meta name=\"twitter:card\" content=\"summary_large_image\" \/>\n<meta name=\"twitter:label1\" content=\"Est. reading time\" \/>\n\t<meta name=\"twitter:data1\" content=\"5 minut\" \/>\n<script type=\"application\/ld+json\" class=\"yoast-schema-graph\">{\"@context\":\"https:\/\/schema.org\",\"@graph\":[{\"@type\":\"WebPage\",\"@id\":\"https:\/\/petergaber.com\/\",\"url\":\"https:\/\/petergaber.com\/\",\"name\":\"kdo sem in zakaj ustvarjam - PETER GABER\",\"isPartOf\":{\"@id\":\"https:\/\/petergaber.com\/#website\"},\"primaryImageOfPage\":{\"@id\":\"https:\/\/petergaber.com\/#primaryimage\"},\"image\":{\"@id\":\"https:\/\/petergaber.com\/#primaryimage\"},\"thumbnailUrl\":\"https:\/\/petergaber.com\/wp-content\/uploads\/2023\/06\/peter-1-1024x914.jpg\",\"datePublished\":\"2014-11-02T18:12:39+00:00\",\"dateModified\":\"2025-10-05T19:05:54+00:00\",\"breadcrumb\":{\"@id\":\"https:\/\/petergaber.com\/#breadcrumb\"},\"inLanguage\":\"sl-SI\",\"potentialAction\":[{\"@type\":\"ReadAction\",\"target\":[\"https:\/\/petergaber.com\/\"]}]},{\"@type\":\"ImageObject\",\"inLanguage\":\"sl-SI\",\"@id\":\"https:\/\/petergaber.com\/#primaryimage\",\"url\":\"https:\/\/petergaber.com\/wp-content\/uploads\/2023\/06\/peter-1-1024x914.jpg\",\"contentUrl\":\"https:\/\/petergaber.com\/wp-content\/uploads\/2023\/06\/peter-1-1024x914.jpg\"},{\"@type\":\"BreadcrumbList\",\"@id\":\"https:\/\/petergaber.com\/#breadcrumb\",\"itemListElement\":[{\"@type\":\"ListItem\",\"position\":1,\"name\":\"Home\",\"item\":\"https:\/\/petergaber.com\/\"},{\"@type\":\"ListItem\",\"position\":2,\"name\":\"kdo sem in zakaj ustvarjam\"}]},{\"@type\":\"WebSite\",\"@id\":\"https:\/\/petergaber.com\/#website\",\"url\":\"https:\/\/petergaber.com\/\",\"name\":\"PETER GABER\",\"description\":\"\",\"publisher\":{\"@id\":\"https:\/\/petergaber.com\/#\/schema\/person\/d9b0dcbd1dc37a3190ac8ed11d9359ba\"},\"potentialAction\":[{\"@type\":\"SearchAction\",\"target\":{\"@type\":\"EntryPoint\",\"urlTemplate\":\"https:\/\/petergaber.com\/?s={search_term_string}\"},\"query-input\":{\"@type\":\"PropertyValueSpecification\",\"valueRequired\":true,\"valueName\":\"search_term_string\"}}],\"inLanguage\":\"sl-SI\"},{\"@type\":[\"Person\",\"Organization\"],\"@id\":\"https:\/\/petergaber.com\/#\/schema\/person\/d9b0dcbd1dc37a3190ac8ed11d9359ba\",\"name\":\"pgaber\",\"image\":{\"@type\":\"ImageObject\",\"inLanguage\":\"sl-SI\",\"@id\":\"https:\/\/petergaber.com\/#\/schema\/person\/image\/\",\"url\":\"https:\/\/petergaber.com\/wp-content\/uploads\/2023\/06\/cropped-podpis.png\",\"contentUrl\":\"https:\/\/petergaber.com\/wp-content\/uploads\/2023\/06\/cropped-podpis.png\",\"width\":550,\"height\":200,\"caption\":\"pgaber\"},\"logo\":{\"@id\":\"https:\/\/petergaber.com\/#\/schema\/person\/image\/\"}}]}<\/script>\n<!-- \/ Yoast SEO plugin. -->","yoast_head_json":{"title":"kdo sem in zakaj ustvarjam - PETER GABER","robots":{"index":"index","follow":"follow","max-snippet":"max-snippet:-1","max-image-preview":"max-image-preview:large","max-video-preview":"max-video-preview:-1"},"canonical":"https:\/\/petergaber.com\/sl\/","og_locale":"sl_SI","og_type":"article","og_title":"kdo sem in zakaj ustvarjam - PETER GABER","og_description":"\u017divjo! Sem Peter in ve\u010dino svojega \u010dasa posvetim risanju in slikanju novih bitij in prostorov. Odkar sem lahko prijel svin\u010dnik, sem \u017eelel poustvarjati videno in ustvarjati novo. Za\u010del sem z risanjem hi\u0161e in dru\u017eine, nadaljeval z liki iz stripov in risank. Vzljubil sem fantazijski svet pisatelja Tolkiena in kon\u010dal na Akademiji za likovno umetnost v [&hellip;]","og_url":"https:\/\/petergaber.com\/sl\/","og_site_name":"PETER GABER","article_modified_time":"2025-10-05T19:05:54+00:00","og_image":[{"url":"https:\/\/petergaber.com\/wp-content\/uploads\/2023\/06\/peter-1-1024x914.jpg","type":"","width":"","height":""}],"twitter_card":"summary_large_image","twitter_misc":{"Est. reading time":"5 minut"},"schema":{"@context":"https:\/\/schema.org","@graph":[{"@type":"WebPage","@id":"https:\/\/petergaber.com\/","url":"https:\/\/petergaber.com\/","name":"kdo sem in zakaj ustvarjam - PETER GABER","isPartOf":{"@id":"https:\/\/petergaber.com\/#website"},"primaryImageOfPage":{"@id":"https:\/\/petergaber.com\/#primaryimage"},"image":{"@id":"https:\/\/petergaber.com\/#primaryimage"},"thumbnailUrl":"https:\/\/petergaber.com\/wp-content\/uploads\/2023\/06\/peter-1-1024x914.jpg","datePublished":"2014-11-02T18:12:39+00:00","dateModified":"2025-10-05T19:05:54+00:00","breadcrumb":{"@id":"https:\/\/petergaber.com\/#breadcrumb"},"inLanguage":"sl-SI","potentialAction":[{"@type":"ReadAction","target":["https:\/\/petergaber.com\/"]}]},{"@type":"ImageObject","inLanguage":"sl-SI","@id":"https:\/\/petergaber.com\/#primaryimage","url":"https:\/\/petergaber.com\/wp-content\/uploads\/2023\/06\/peter-1-1024x914.jpg","contentUrl":"https:\/\/petergaber.com\/wp-content\/uploads\/2023\/06\/peter-1-1024x914.jpg"},{"@type":"BreadcrumbList","@id":"https:\/\/petergaber.com\/#breadcrumb","itemListElement":[{"@type":"ListItem","position":1,"name":"Home","item":"https:\/\/petergaber.com\/"},{"@type":"ListItem","position":2,"name":"kdo sem in zakaj ustvarjam"}]},{"@type":"WebSite","@id":"https:\/\/petergaber.com\/#website","url":"https:\/\/petergaber.com\/","name":"PETER GABER","description":"","publisher":{"@id":"https:\/\/petergaber.com\/#\/schema\/person\/d9b0dcbd1dc37a3190ac8ed11d9359ba"},"potentialAction":[{"@type":"SearchAction","target":{"@type":"EntryPoint","urlTemplate":"https:\/\/petergaber.com\/?s={search_term_string}"},"query-input":{"@type":"PropertyValueSpecification","valueRequired":true,"valueName":"search_term_string"}}],"inLanguage":"sl-SI"},{"@type":["Person","Organization"],"@id":"https:\/\/petergaber.com\/#\/schema\/person\/d9b0dcbd1dc37a3190ac8ed11d9359ba","name":"pgaber","image":{"@type":"ImageObject","inLanguage":"sl-SI","@id":"https:\/\/petergaber.com\/#\/schema\/person\/image\/","url":"https:\/\/petergaber.com\/wp-content\/uploads\/2023\/06\/cropped-podpis.png","contentUrl":"https:\/\/petergaber.com\/wp-content\/uploads\/2023\/06\/cropped-podpis.png","width":550,"height":200,"caption":"pgaber"},"logo":{"@id":"https:\/\/petergaber.com\/#\/schema\/person\/image\/"}}]}},"_links":{"self":[{"href":"https:\/\/petergaber.com\/sl\/wp-json\/wp\/v2\/pages\/2","targetHints":{"allow":["GET"]}}],"collection":[{"href":"https:\/\/petergaber.com\/sl\/wp-json\/wp\/v2\/pages"}],"about":[{"href":"https:\/\/petergaber.com\/sl\/wp-json\/wp\/v2\/types\/page"}],"author":[{"embeddable":true,"href":"https:\/\/petergaber.com\/sl\/wp-json\/wp\/v2\/users\/1"}],"replies":[{"embeddable":true,"href":"https:\/\/petergaber.com\/sl\/wp-json\/wp\/v2\/comments?post=2"}],"version-history":[{"count":5,"href":"https:\/\/petergaber.com\/sl\/wp-json\/wp\/v2\/pages\/2\/revisions"}],"predecessor-version":[{"id":1868,"href":"https:\/\/petergaber.com\/sl\/wp-json\/wp\/v2\/pages\/2\/revisions\/1868"}],"wp:attachment":[{"href":"https:\/\/petergaber.com\/sl\/wp-json\/wp\/v2\/media?parent=2"}],"curies":[{"name":"wp","href":"https:\/\/api.w.org\/{rel}","templated":true}]}}