{"id":516,"date":"2022-10-20T12:26:25","date_gmt":"2022-10-20T12:26:25","guid":{"rendered":"http:\/\/petergaber.com\/?page_id=516"},"modified":"2023-06-22T17:55:27","modified_gmt":"2023-06-22T17:55:27","slug":"likovni-tecaji","status":"publish","type":"page","link":"https:\/\/petergaber.com\/sl\/likovni-tecaji\/","title":{"rendered":"pou\u010devanje risanja in slikanja"},"content":{"rendered":"<div class=\"wp-block-image\">\n<figure class=\"aligncenter size-large\"><img loading=\"lazy\" decoding=\"async\" width=\"822\" height=\"1024\" src=\"http:\/\/petergaber.com\/wp-content\/uploads\/2023\/06\/7-822x1024.jpg\" alt=\"\" class=\"wp-image-1149\" srcset=\"https:\/\/petergaber.com\/wp-content\/uploads\/2023\/06\/7-822x1024.jpg 822w, https:\/\/petergaber.com\/wp-content\/uploads\/2023\/06\/7-482x600.jpg 482w, https:\/\/petergaber.com\/wp-content\/uploads\/2023\/06\/7-768x956.jpg 768w, https:\/\/petergaber.com\/wp-content\/uploads\/2023\/06\/7-1234x1536.jpg 1234w, https:\/\/petergaber.com\/wp-content\/uploads\/2023\/06\/7-1645x2048.jpg 1645w, https:\/\/petergaber.com\/wp-content\/uploads\/2023\/06\/7-10x12.jpg 10w, https:\/\/petergaber.com\/wp-content\/uploads\/2023\/06\/7.jpg 2047w\" sizes=\"auto, (max-width: 822px) 100vw, 822px\" \/><\/figure>\n<\/div>\n\n\n<p class=\"has-text-align-center\">PERSONALIZIRANA U\u010cNA IZKU\u0160NJA ZA ZA\u010cETNIKE IN STRASTNE UMETNI\u0160KE KREATIVCE<br><\/p>\n\n\n\n<h2 class=\"wp-block-heading has-text-align-center\">PONUDBA TE\u010cAJEV<\/h2>\n\n\n\n<p>Ponujam zasebni risarski in slikarski te\u010daj za posameznike in manj\u0161e skupine na va\u0161em domu ali va\u0161em delovnem prostoru. Ponujam pou\u010devanje osnov ali naprednih vsebin v razli\u010dnih medijih (digitalno risanje, animacija, klasi\u010dno risanje in slikanje v tehnikah: akril, akvarel, olje, gva\u0161, svin\u010dnik, tu\u0161, oglje, pastel..)<\/p>\n\n\n\n<p class=\"has-text-align-center\">Te\u010daji so namenjeni mladim in odraslim, ki bi si \u017eeleli nau\u010diti osnov ali napredovati v ve\u0161\u010dinah risanja in slikanja. U\u010denje poteka direktno med va\u0161im umetni\u0161kim ustvarjanjem skozi vrsto razli\u010dnih vaj ali preko spleta, ko komentiram va\u0161e delo in z vami ugotavljam napredek. Vendar vedno na te\u017eavnostni ravni in v tempu, ki ustreza to\u010dno vam.<br><br><\/p>\n\n\n\n<h2 class=\"wp-block-heading has-text-align-center\">IZKU\u0160NJE<\/h2>\n\n\n\n<p class=\"has-text-align-center\">Sem akademski slikar, magister umetnosti. Trenutno sem najbolj aktiven v <a href=\"https:\/\/www.artstation.com\/petergaber1\">digitalni ilustraciji<\/a>, \u0161e vedno pa ustvarjam slike na platno in ri\u0161em na papir v razli\u010dnih tehnikah. Ves \u010das se izobra\u017eujem in veliko svojega \u010dasa vlo\u017eim v iskanje novih re\u0161itev, odkrivanju novih smeri. Po naravi sem radoveden in \u017eeljan osvojiti ve\u010d ter napredovati v svojem delu. <em>O mojem osebnem umetni\u0161kem popotovanju si lahko preberete <a href=\"https:\/\/petergaber.com\/sl\/\" data-type=\"URL\" data-id=\"https:\/\/petergaber.com\/\">tukaj<\/a>.<br><\/em><br>Vsaj 15 let sem v razli\u010dnih okoljih in projektih pou\u010deval likovnost razli\u010dne starostne skupine. Oseben, potrpe\u017eljiv pristop in \u0161iroka paleta znanja in pridobljenih izku\u0161enj mi omogo\u010dajo, da lahko za vsakogar individualno prilagajam program in uspem ujeti umetni\u0161ki potencial posameznika in ga raziskovati skupaj z njim.<br>Pri razvijanju ve\u0161\u010din risanja in slikanja vam bom nudil potrebno pomo\u010d, podpiral va\u0161e ideje in skupaj z vami iskal navdih, ko boste delali na projektu po va\u0161i izbiri.<br><br><\/p>\n\n\n\n<h2 class=\"wp-block-heading has-text-align-center\">VRSTE TE\u010cAJEV<\/h2>\n\n\n\n<p class=\"has-text-align-center\">Te\u010daji so namenjeni starej\u0161im od 12 let<\/p>\n\n\n\n<p><\/p>\n\n\n\n<h3 class=\"wp-block-heading has-text-align-center\"><strong>PERSONALIZIRANI TE\u010cAJI RISANJA IN SLIKANJA<\/strong><\/h3>\n\n\n\n<p class=\"has-text-align-center\">Raziskujte, na\u010drtujte in ustvarjajte v svojem tempu. Razvijajte intuicijo, ki je bistvena za ustvarjanje va\u0161e osebne umetni\u0161ke poti. Obvladajte dolo\u010den medij: tradicionalno risanje in slikanje, ilustracijo, digitalno oblikovanje, animacijo&#8230;&nbsp; Te\u010daj je mogo\u010de povsem prilagoditi va\u0161im interesom.<\/p>\n\n\n\n<h3 class=\"wp-block-heading has-text-align-center\"><strong>ONLINE SVETOVANJE IN KOMENTAR<\/strong><\/h3>\n\n\n\n<p class=\"has-text-align-center\">Pripravite va\u0161e vsebine in prejmite celosten pisni komentar va\u0161ega izdelka preko spleta.<\/p>\n\n\n\n<h3 class=\"wp-block-heading has-text-align-center\"><strong>PRIPRAVE NA SPREJEMNE IZPITE<\/strong><\/h3>\n\n\n\n<p class=\"has-text-align-center\">Pripravite se na sprejemne izpite v srednjo ali vi\u0161jo ali visoko \u0161olo likovne smeri.<\/p>\n\n\n\n<h3 class=\"wp-block-heading has-text-align-center\"><strong>MLADI UMETNIK<\/strong><\/h3>\n\n\n\n<p class=\"has-text-align-center\">Osvojite tehnike risanja anime\/manga ali stripovskega stila, osnovne tehnike \u0161tudijskega risanja in slikanja ali ilustracije. Raziskujte efekte, tehnike in eksperimentirajte. Te\u010daj je mogo\u010de povsem prilagoditi va\u0161im interesom.<br><br><br><\/p>\n\n\n\n<h2 class=\"wp-block-heading has-text-align-center\">CENIK<\/h2>\n\n\n\n<p class=\"has-text-align-center\"><em>Vsaka ura traja 45 minut.<br>Vklju\u010deni potni stro\u0161ki za Ljubljano in okolico (do 10km)<\/em><br><strong><br>UVODNO SRE\u010cANJE<\/strong>, (dve \u0161olski uri) 30,00\u20ac &#8211; Sre\u010danje na va\u0161i lokaciji, mo\u017ena uporaba izposojenih umetni\u0161kih pripomo\u010dkov.<br><strong>INDIVIDUALNA URA<\/strong>, vsaki\u010d 25,00\u20ac &#8211; Sre\u010danje na va\u0161i lokaciji, uporaba va\u0161ih lastnih umetni\u0161kih\/digitalnih pripomo\u010dkov.<br><strong>PAKET 4 URE<\/strong>, veljavnost 6 tednov, 100,00\u20ac &#8211; Sre\u010danje na va\u0161i lokaciji, uporaba va\u0161ih lastnih umetni\u0161kih\/digitalnih pripomo\u010dkov, priporo\u010dljiva sre\u010danja enkrat tedensko, po eno uro.<br><strong>PAKET 8 UR<\/strong>, veljavnost 6 tednov, 150,00\u20ac &#8211; Sre\u010danje na va\u0161i lokaciji, uporaba va\u0161ih lastnih umetni\u0161kih\/digitalnih pripomo\u010dkov, priporo\u010dljiva sre\u010danja enkrat tedensko, po dve uri.<br><strong>PRIPRAVA NA SPREJEMNI IZPIT<\/strong>, <strong>10 ur<\/strong>, veljavnost 6 tednov, 200,00\u20ac &#8211; Sre\u010danje na va\u0161i lokaciji, uporaba va\u0161ih lastnih umetni\u0161kih\/digitalnih pripomo\u010dkov, priporo\u010dljiva sre\u010danja dvakrat tedensko, po dve uri.<br><strong>ONLINE KOMENTAR<\/strong>, veljavnost 4 tedne, 10,00\u20ac &#8211; Komentar va\u0161ega posameznega umetni\u0161kega dela, v pisni online komunikaciji.<br><strong>DARILNI BON<\/strong>, vrednost dolo\u010dite sami, najmanj\u0161a priporo\u010dljiva vrednost je 100,00\u20ac za PAKET 4 URE. Veljavnost bona je eno leto od dneva nakupa.<br><strong>INDIVIDUALNI PAKET<\/strong>, paket je mogo\u010de povsem prilagoditi va\u0161im interesom. Cena po dogovoru.<br><br><\/p>\n\n\n\n<h2 class=\"wp-block-heading has-text-align-center\">\u010cASOVNI TERMINI<\/h2>\n\n\n\n<p class=\"has-text-align-center\">Sre\u010danja so \u010dasovno prilagodljiva in potekajo ob urah in dnevih po dogovoru.<br>Za ve\u010d informacij ali rezervacijo termina mi pi\u0161i.<br><\/p>\n\n\n\n<div class=\"wp-block-buttons is-content-justification-center is-layout-flex wp-container-core-buttons-is-layout-16018d1d wp-block-buttons-is-layout-flex\">\n<div class=\"wp-block-button\"><a class=\"wp-block-button__link has-text-align-center wp-element-button\" href=\"mailto:pgaber@gmail.com\" target=\"_blank\" rel=\"noreferrer noopener\">PRIJAVA<\/a><\/div>\n<\/div>\n\n\n\n<p class=\"has-text-align-center has-medium-font-size\">pgaber@gmail.com<br>+386 31 51 50 21<\/p>\n\n\n\n<p><br><br><\/p>\n\n\n<div class=\"wp-block-image\">\n<figure class=\"aligncenter size-large\"><img loading=\"lazy\" decoding=\"async\" width=\"1024\" height=\"590\" src=\"https:\/\/petergaber.com\/wp-content\/uploads\/2023\/06\/DSC_8543-01-7-1024x590.jpg\" alt=\"\" class=\"wp-image-925\" srcset=\"https:\/\/petergaber.com\/wp-content\/uploads\/2023\/06\/DSC_8543-01-7-1024x590.jpg 1024w, https:\/\/petergaber.com\/wp-content\/uploads\/2023\/06\/DSC_8543-01-7-600x346.jpg 600w, https:\/\/petergaber.com\/wp-content\/uploads\/2023\/06\/DSC_8543-01-7-768x443.jpg 768w, https:\/\/petergaber.com\/wp-content\/uploads\/2023\/06\/DSC_8543-01-7-1536x886.jpg 1536w, https:\/\/petergaber.com\/wp-content\/uploads\/2023\/06\/DSC_8543-01-7-18x10.jpg 18w, https:\/\/petergaber.com\/wp-content\/uploads\/2023\/06\/DSC_8543-01-7.jpg 1750w\" sizes=\"auto, (max-width: 1024px) 100vw, 1024px\" \/><\/figure>\n<\/div>","protected":false},"excerpt":{"rendered":"<p>PERSONALIZIRANA U\u010cNA IZKU\u0160NJA ZA ZA\u010cETNIKE IN STRASTNE UMETNI\u0160KE KREATIVCE PONUDBA TE\u010cAJEV Ponujam zasebni risarski in slikarski te\u010daj za posameznike in manj\u0161e skupine na va\u0161em domu ali va\u0161em delovnem prostoru. Ponujam pou\u010devanje osnov ali naprednih vsebin v razli\u010dnih medijih (digitalno risanje, animacija, klasi\u010dno risanje in slikanje v tehnikah: akril, akvarel, olje, gva\u0161, svin\u010dnik, tu\u0161, oglje, pastel..) [&hellip;]<\/p>\n","protected":false},"author":1,"featured_media":0,"parent":0,"menu_order":0,"comment_status":"closed","ping_status":"closed","template":"","meta":{"footnotes":""},"class_list":["post-516","page","type-page","status-publish","hentry"],"yoast_head":"<!-- This site is optimized with the Yoast SEO plugin v26.9 - https:\/\/yoast.com\/product\/yoast-seo-wordpress\/ -->\n<title>pou\u010devanje risanja in slikanja - PETER GABER<\/title>\n<meta name=\"robots\" content=\"index, follow, max-snippet:-1, max-image-preview:large, max-video-preview:-1\" \/>\n<link rel=\"canonical\" href=\"https:\/\/petergaber.com\/sl\/likovni-tecaji\/\" \/>\n<meta property=\"og:locale\" content=\"sl_SI\" \/>\n<meta property=\"og:type\" content=\"article\" \/>\n<meta property=\"og:title\" content=\"pou\u010devanje risanja in slikanja - PETER GABER\" \/>\n<meta property=\"og:description\" content=\"PERSONALIZIRANA U\u010cNA IZKU\u0160NJA ZA ZA\u010cETNIKE IN STRASTNE UMETNI\u0160KE KREATIVCE PONUDBA TE\u010cAJEV Ponujam zasebni risarski in slikarski te\u010daj za posameznike in manj\u0161e skupine na va\u0161em domu ali va\u0161em delovnem prostoru. Ponujam pou\u010devanje osnov ali naprednih vsebin v razli\u010dnih medijih (digitalno risanje, animacija, klasi\u010dno risanje in slikanje v tehnikah: akril, akvarel, olje, gva\u0161, svin\u010dnik, tu\u0161, oglje, pastel..) [&hellip;]\" \/>\n<meta property=\"og:url\" content=\"https:\/\/petergaber.com\/sl\/likovni-tecaji\/\" \/>\n<meta property=\"og:site_name\" content=\"PETER GABER\" \/>\n<meta property=\"article:modified_time\" content=\"2023-06-22T17:55:27+00:00\" \/>\n<meta property=\"og:image\" content=\"http:\/\/petergaber.com\/wp-content\/uploads\/2023\/06\/7-822x1024.jpg\" \/>\n<meta name=\"twitter:card\" content=\"summary_large_image\" \/>\n<meta name=\"twitter:label1\" content=\"Est. reading time\" \/>\n\t<meta name=\"twitter:data1\" content=\"3 minute\" \/>\n<script type=\"application\/ld+json\" class=\"yoast-schema-graph\">{\"@context\":\"https:\/\/schema.org\",\"@graph\":[{\"@type\":\"WebPage\",\"@id\":\"https:\/\/petergaber.com\/likovni-tecaji\/\",\"url\":\"https:\/\/petergaber.com\/likovni-tecaji\/\",\"name\":\"pou\u010devanje risanja in slikanja - PETER GABER\",\"isPartOf\":{\"@id\":\"https:\/\/petergaber.com\/#website\"},\"primaryImageOfPage\":{\"@id\":\"https:\/\/petergaber.com\/likovni-tecaji\/#primaryimage\"},\"image\":{\"@id\":\"https:\/\/petergaber.com\/likovni-tecaji\/#primaryimage\"},\"thumbnailUrl\":\"http:\/\/petergaber.com\/wp-content\/uploads\/2023\/06\/7-822x1024.jpg\",\"datePublished\":\"2022-10-20T12:26:25+00:00\",\"dateModified\":\"2023-06-22T17:55:27+00:00\",\"breadcrumb\":{\"@id\":\"https:\/\/petergaber.com\/likovni-tecaji\/#breadcrumb\"},\"inLanguage\":\"sl-SI\",\"potentialAction\":[{\"@type\":\"ReadAction\",\"target\":[\"https:\/\/petergaber.com\/likovni-tecaji\/\"]}]},{\"@type\":\"ImageObject\",\"inLanguage\":\"sl-SI\",\"@id\":\"https:\/\/petergaber.com\/likovni-tecaji\/#primaryimage\",\"url\":\"http:\/\/petergaber.com\/wp-content\/uploads\/2023\/06\/7-822x1024.jpg\",\"contentUrl\":\"http:\/\/petergaber.com\/wp-content\/uploads\/2023\/06\/7-822x1024.jpg\"},{\"@type\":\"BreadcrumbList\",\"@id\":\"https:\/\/petergaber.com\/likovni-tecaji\/#breadcrumb\",\"itemListElement\":[{\"@type\":\"ListItem\",\"position\":1,\"name\":\"Home\",\"item\":\"https:\/\/petergaber.com\/\"},{\"@type\":\"ListItem\",\"position\":2,\"name\":\"pou\u010devanje risanja in slikanja\"}]},{\"@type\":\"WebSite\",\"@id\":\"https:\/\/petergaber.com\/#website\",\"url\":\"https:\/\/petergaber.com\/\",\"name\":\"PETER GABER\",\"description\":\"\",\"publisher\":{\"@id\":\"https:\/\/petergaber.com\/#\/schema\/person\/d9b0dcbd1dc37a3190ac8ed11d9359ba\"},\"potentialAction\":[{\"@type\":\"SearchAction\",\"target\":{\"@type\":\"EntryPoint\",\"urlTemplate\":\"https:\/\/petergaber.com\/?s={search_term_string}\"},\"query-input\":{\"@type\":\"PropertyValueSpecification\",\"valueRequired\":true,\"valueName\":\"search_term_string\"}}],\"inLanguage\":\"sl-SI\"},{\"@type\":[\"Person\",\"Organization\"],\"@id\":\"https:\/\/petergaber.com\/#\/schema\/person\/d9b0dcbd1dc37a3190ac8ed11d9359ba\",\"name\":\"pgaber\",\"image\":{\"@type\":\"ImageObject\",\"inLanguage\":\"sl-SI\",\"@id\":\"https:\/\/petergaber.com\/#\/schema\/person\/image\/\",\"url\":\"https:\/\/petergaber.com\/wp-content\/uploads\/2023\/06\/cropped-podpis.png\",\"contentUrl\":\"https:\/\/petergaber.com\/wp-content\/uploads\/2023\/06\/cropped-podpis.png\",\"width\":550,\"height\":200,\"caption\":\"pgaber\"},\"logo\":{\"@id\":\"https:\/\/petergaber.com\/#\/schema\/person\/image\/\"}}]}<\/script>\n<!-- \/ Yoast SEO plugin. -->","yoast_head_json":{"title":"pou\u010devanje risanja in slikanja - PETER GABER","robots":{"index":"index","follow":"follow","max-snippet":"max-snippet:-1","max-image-preview":"max-image-preview:large","max-video-preview":"max-video-preview:-1"},"canonical":"https:\/\/petergaber.com\/sl\/likovni-tecaji\/","og_locale":"sl_SI","og_type":"article","og_title":"pou\u010devanje risanja in slikanja - PETER GABER","og_description":"PERSONALIZIRANA U\u010cNA IZKU\u0160NJA ZA ZA\u010cETNIKE IN STRASTNE UMETNI\u0160KE KREATIVCE PONUDBA TE\u010cAJEV Ponujam zasebni risarski in slikarski te\u010daj za posameznike in manj\u0161e skupine na va\u0161em domu ali va\u0161em delovnem prostoru. Ponujam pou\u010devanje osnov ali naprednih vsebin v razli\u010dnih medijih (digitalno risanje, animacija, klasi\u010dno risanje in slikanje v tehnikah: akril, akvarel, olje, gva\u0161, svin\u010dnik, tu\u0161, oglje, pastel..) [&hellip;]","og_url":"https:\/\/petergaber.com\/sl\/likovni-tecaji\/","og_site_name":"PETER GABER","article_modified_time":"2023-06-22T17:55:27+00:00","og_image":[{"url":"http:\/\/petergaber.com\/wp-content\/uploads\/2023\/06\/7-822x1024.jpg","type":"","width":"","height":""}],"twitter_card":"summary_large_image","twitter_misc":{"Est. reading time":"3 minute"},"schema":{"@context":"https:\/\/schema.org","@graph":[{"@type":"WebPage","@id":"https:\/\/petergaber.com\/likovni-tecaji\/","url":"https:\/\/petergaber.com\/likovni-tecaji\/","name":"pou\u010devanje risanja in slikanja - PETER GABER","isPartOf":{"@id":"https:\/\/petergaber.com\/#website"},"primaryImageOfPage":{"@id":"https:\/\/petergaber.com\/likovni-tecaji\/#primaryimage"},"image":{"@id":"https:\/\/petergaber.com\/likovni-tecaji\/#primaryimage"},"thumbnailUrl":"http:\/\/petergaber.com\/wp-content\/uploads\/2023\/06\/7-822x1024.jpg","datePublished":"2022-10-20T12:26:25+00:00","dateModified":"2023-06-22T17:55:27+00:00","breadcrumb":{"@id":"https:\/\/petergaber.com\/likovni-tecaji\/#breadcrumb"},"inLanguage":"sl-SI","potentialAction":[{"@type":"ReadAction","target":["https:\/\/petergaber.com\/likovni-tecaji\/"]}]},{"@type":"ImageObject","inLanguage":"sl-SI","@id":"https:\/\/petergaber.com\/likovni-tecaji\/#primaryimage","url":"http:\/\/petergaber.com\/wp-content\/uploads\/2023\/06\/7-822x1024.jpg","contentUrl":"http:\/\/petergaber.com\/wp-content\/uploads\/2023\/06\/7-822x1024.jpg"},{"@type":"BreadcrumbList","@id":"https:\/\/petergaber.com\/likovni-tecaji\/#breadcrumb","itemListElement":[{"@type":"ListItem","position":1,"name":"Home","item":"https:\/\/petergaber.com\/"},{"@type":"ListItem","position":2,"name":"pou\u010devanje risanja in slikanja"}]},{"@type":"WebSite","@id":"https:\/\/petergaber.com\/#website","url":"https:\/\/petergaber.com\/","name":"PETER GABER","description":"","publisher":{"@id":"https:\/\/petergaber.com\/#\/schema\/person\/d9b0dcbd1dc37a3190ac8ed11d9359ba"},"potentialAction":[{"@type":"SearchAction","target":{"@type":"EntryPoint","urlTemplate":"https:\/\/petergaber.com\/?s={search_term_string}"},"query-input":{"@type":"PropertyValueSpecification","valueRequired":true,"valueName":"search_term_string"}}],"inLanguage":"sl-SI"},{"@type":["Person","Organization"],"@id":"https:\/\/petergaber.com\/#\/schema\/person\/d9b0dcbd1dc37a3190ac8ed11d9359ba","name":"pgaber","image":{"@type":"ImageObject","inLanguage":"sl-SI","@id":"https:\/\/petergaber.com\/#\/schema\/person\/image\/","url":"https:\/\/petergaber.com\/wp-content\/uploads\/2023\/06\/cropped-podpis.png","contentUrl":"https:\/\/petergaber.com\/wp-content\/uploads\/2023\/06\/cropped-podpis.png","width":550,"height":200,"caption":"pgaber"},"logo":{"@id":"https:\/\/petergaber.com\/#\/schema\/person\/image\/"}}]}},"_links":{"self":[{"href":"https:\/\/petergaber.com\/sl\/wp-json\/wp\/v2\/pages\/516","targetHints":{"allow":["GET"]}}],"collection":[{"href":"https:\/\/petergaber.com\/sl\/wp-json\/wp\/v2\/pages"}],"about":[{"href":"https:\/\/petergaber.com\/sl\/wp-json\/wp\/v2\/types\/page"}],"author":[{"embeddable":true,"href":"https:\/\/petergaber.com\/sl\/wp-json\/wp\/v2\/users\/1"}],"replies":[{"embeddable":true,"href":"https:\/\/petergaber.com\/sl\/wp-json\/wp\/v2\/comments?post=516"}],"version-history":[{"count":5,"href":"https:\/\/petergaber.com\/sl\/wp-json\/wp\/v2\/pages\/516\/revisions"}],"predecessor-version":[{"id":1670,"href":"https:\/\/petergaber.com\/sl\/wp-json\/wp\/v2\/pages\/516\/revisions\/1670"}],"wp:attachment":[{"href":"https:\/\/petergaber.com\/sl\/wp-json\/wp\/v2\/media?parent=516"}],"curies":[{"name":"wp","href":"https:\/\/api.w.org\/{rel}","templated":true}]}}