{"id":655,"date":"2023-05-31T15:11:37","date_gmt":"2023-05-31T15:11:37","guid":{"rendered":"https:\/\/petergaber.com\/?page_id=655"},"modified":"2023-06-23T19:24:30","modified_gmt":"2023-06-23T19:24:30","slug":"galerije","status":"publish","type":"page","link":"https:\/\/petergaber.com\/sl\/galerije\/","title":{"rendered":"galerije"},"content":{"rendered":"<p class=\"has-text-align-center\">Moje ustvarjanje ni omejeno s formatom ali tehniko. Slikam tako na ogromna platna, kot na manj\u0161a, u\u017eivam pa tudi v mini akvarelih. Prav tako sem doma\u010d v risbi in ilustraciji na papirju, kot tudi na grafi\u010dni tablici na ra\u010dunalniku.<\/p>\n\n\n\n<p class=\"has-text-align-center\">V <strong>spodnjih galerijah<\/strong> je izbor del, s katerimi poka\u017eem svoje <strong>raznoliko videnje sveta.<\/strong><\/p>\n\n\n\n<hr class=\"wp-block-separator has-alpha-channel-opacity is-style-dots\"\/>\n\n\n\n<div class=\"wp-block-group\"><div class=\"wp-block-group__inner-container is-layout-constrained wp-block-group-is-layout-constrained\"><div class=\"wp-block-image\">\n<figure class=\"aligncenter size-full\"><a href=\"https:\/\/petergaber.com\/sl\/2017-danes\/\"><img loading=\"lazy\" decoding=\"async\" width=\"300\" height=\"100\" src=\"https:\/\/petergaber.com\/wp-content\/uploads\/2023\/06\/image-1.png\" alt=\"\" class=\"wp-image-1725\" srcset=\"https:\/\/petergaber.com\/wp-content\/uploads\/2023\/06\/image-1.png 300w, https:\/\/petergaber.com\/wp-content\/uploads\/2023\/06\/image-1-18x6.png 18w\" sizes=\"auto, (max-width: 300px) 100vw, 300px\" \/><\/a><\/figure>\n<\/div>\n\n\n<p class=\"has-text-align-center\">| 2017 &#8211; danes |<\/p>\n<\/div><\/div>\n\n\n\n<div style=\"height:34px\" aria-hidden=\"true\" class=\"wp-block-spacer\"><\/div>\n\n\n\n<div class=\"wp-block-group\"><div class=\"wp-block-group__inner-container is-layout-constrained wp-block-group-is-layout-constrained\"><div class=\"wp-block-image\">\n<figure class=\"aligncenter size-full\"><a href=\"https:\/\/petergaber.com\/sl\/ilustracija\/\"><img loading=\"lazy\" decoding=\"async\" width=\"300\" height=\"100\" src=\"https:\/\/petergaber.com\/wp-content\/uploads\/2023\/06\/image-2.png\" alt=\"\" class=\"wp-image-1727\" srcset=\"https:\/\/petergaber.com\/wp-content\/uploads\/2023\/06\/image-2.png 300w, https:\/\/petergaber.com\/wp-content\/uploads\/2023\/06\/image-2-18x6.png 18w\" sizes=\"auto, (max-width: 300px) 100vw, 300px\" \/><\/a><\/figure>\n<\/div>\n\n\n<p class=\"has-text-align-center\">| ilustracija |<\/p>\n<\/div><\/div>\n\n\n\n<div style=\"height:34px\" aria-hidden=\"true\" class=\"wp-block-spacer\"><\/div>\n\n\n\n<div class=\"wp-block-group\"><div class=\"wp-block-group__inner-container is-layout-constrained wp-block-group-is-layout-constrained\"><div class=\"wp-block-image\">\n<figure class=\"aligncenter size-full\"><a href=\"https:\/\/petergaber.com\/sl\/gozdni-strah\/\"><img loading=\"lazy\" decoding=\"async\" width=\"300\" height=\"100\" src=\"https:\/\/petergaber.com\/wp-content\/uploads\/2023\/06\/image-3.png\" alt=\"\" class=\"wp-image-1728\" srcset=\"https:\/\/petergaber.com\/wp-content\/uploads\/2023\/06\/image-3.png 300w, https:\/\/petergaber.com\/wp-content\/uploads\/2023\/06\/image-3-18x6.png 18w\" sizes=\"auto, (max-width: 300px) 100vw, 300px\" \/><\/a><\/figure>\n<\/div>\n\n\n<p class=\"has-text-align-center\">| gozdni strah |<\/p>\n<\/div><\/div>\n\n\n\n<div style=\"height:34px\" aria-hidden=\"true\" class=\"wp-block-spacer\"><\/div>\n\n\n\n<div class=\"wp-block-group\"><div class=\"wp-block-group__inner-container is-layout-constrained wp-block-group-is-layout-constrained\"><div class=\"wp-block-image\">\n<figure class=\"aligncenter size-full\"><a href=\"https:\/\/petergaber.com\/sl\/minimalizem\/\"><img loading=\"lazy\" decoding=\"async\" width=\"300\" height=\"100\" src=\"https:\/\/petergaber.com\/wp-content\/uploads\/2023\/06\/image-4.png\" alt=\"\" class=\"wp-image-1729\" srcset=\"https:\/\/petergaber.com\/wp-content\/uploads\/2023\/06\/image-4.png 300w, https:\/\/petergaber.com\/wp-content\/uploads\/2023\/06\/image-4-18x6.png 18w\" sizes=\"auto, (max-width: 300px) 100vw, 300px\" \/><\/a><\/figure>\n<\/div>\n\n\n<p class=\"has-text-align-center\">| minimalizem |<\/p>\n<\/div><\/div>\n\n\n\n<div style=\"height:34px\" aria-hidden=\"true\" class=\"wp-block-spacer\"><\/div>\n\n\n\n<div class=\"wp-block-group\"><div class=\"wp-block-group__inner-container is-layout-constrained wp-block-group-is-layout-constrained\"><div class=\"wp-block-image\">\n<figure class=\"aligncenter size-full\"><a href=\"https:\/\/petergaber.com\/sl\/formalizirana-gesta\/\"><img loading=\"lazy\" decoding=\"async\" width=\"300\" height=\"100\" src=\"https:\/\/petergaber.com\/wp-content\/uploads\/2023\/06\/image-5.png\" alt=\"\" class=\"wp-image-1730\" srcset=\"https:\/\/petergaber.com\/wp-content\/uploads\/2023\/06\/image-5.png 300w, https:\/\/petergaber.com\/wp-content\/uploads\/2023\/06\/image-5-18x6.png 18w\" sizes=\"auto, (max-width: 300px) 100vw, 300px\" \/><\/a><\/figure>\n<\/div>\n\n\n<p class=\"has-text-align-center\">| formalizirana gesta |<\/p>\n\n\n\n<div style=\"height:34px\" aria-hidden=\"true\" class=\"wp-block-spacer\"><\/div>\n<\/div><\/div>\n\n\n\n<div class=\"wp-block-group\"><div class=\"wp-block-group__inner-container is-layout-constrained wp-block-group-is-layout-constrained\"><div class=\"wp-block-image\">\n<figure class=\"aligncenter size-full\"><a href=\"https:\/\/petergaber.com\/sl\/ceckarije\/\"><img loading=\"lazy\" decoding=\"async\" width=\"300\" height=\"100\" src=\"https:\/\/petergaber.com\/wp-content\/uploads\/2023\/06\/image-6.png\" alt=\"\" class=\"wp-image-1731\" srcset=\"https:\/\/petergaber.com\/wp-content\/uploads\/2023\/06\/image-6.png 300w, https:\/\/petergaber.com\/wp-content\/uploads\/2023\/06\/image-6-18x6.png 18w\" sizes=\"auto, (max-width: 300px) 100vw, 300px\" \/><\/a><\/figure>\n<\/div>\n\n\n<p class=\"has-text-align-center\">| \u010de\u010dkarije |<\/p>\n<\/div><\/div>\n\n\n\n<div style=\"height:34px\" aria-hidden=\"true\" class=\"wp-block-spacer\"><\/div>\n\n\n\n<div class=\"wp-block-group\"><div class=\"wp-block-group__inner-container is-layout-constrained wp-block-group-is-layout-constrained\"><div class=\"wp-block-image\">\n<figure class=\"aligncenter size-full\"><a href=\"https:\/\/petergaber.com\/sl\/ostalo\/\"><img loading=\"lazy\" decoding=\"async\" width=\"300\" height=\"100\" src=\"https:\/\/petergaber.com\/wp-content\/uploads\/2023\/06\/image-7.png\" alt=\"\" class=\"wp-image-1732\" srcset=\"https:\/\/petergaber.com\/wp-content\/uploads\/2023\/06\/image-7.png 300w, https:\/\/petergaber.com\/wp-content\/uploads\/2023\/06\/image-7-18x6.png 18w\" sizes=\"auto, (max-width: 300px) 100vw, 300px\" \/><\/a><\/figure>\n<\/div>\n\n\n<p class=\"has-text-align-center\">| ostalo |<\/p>\n<\/div><\/div>","protected":false},"excerpt":{"rendered":"<p>Moje ustvarjanje ni omejeno s formatom ali tehniko. Slikam tako na ogromna platna, kot na manj\u0161a, u\u017eivam pa tudi v mini akvarelih. Prav tako sem doma\u010d v risbi in ilustraciji na papirju, kot tudi na grafi\u010dni tablici na ra\u010dunalniku. V spodnjih galerijah je izbor del, s katerimi poka\u017eem svoje raznoliko videnje sveta. | 2017 &#8211; [&hellip;]<\/p>\n","protected":false},"author":1,"featured_media":0,"parent":0,"menu_order":0,"comment_status":"closed","ping_status":"closed","template":"","meta":{"footnotes":""},"class_list":["post-655","page","type-page","status-publish","hentry"],"yoast_head":"<!-- This site is optimized with the Yoast SEO plugin v26.9 - https:\/\/yoast.com\/product\/yoast-seo-wordpress\/ -->\n<title>galerije - PETER GABER<\/title>\n<meta name=\"robots\" content=\"index, follow, max-snippet:-1, max-image-preview:large, max-video-preview:-1\" \/>\n<link rel=\"canonical\" href=\"https:\/\/petergaber.com\/sl\/galerije\/\" \/>\n<meta property=\"og:locale\" content=\"sl_SI\" \/>\n<meta property=\"og:type\" content=\"article\" \/>\n<meta property=\"og:title\" content=\"galerije - PETER GABER\" \/>\n<meta property=\"og:description\" content=\"Moje ustvarjanje ni omejeno s formatom ali tehniko. Slikam tako na ogromna platna, kot na manj\u0161a, u\u017eivam pa tudi v mini akvarelih. Prav tako sem doma\u010d v risbi in ilustraciji na papirju, kot tudi na grafi\u010dni tablici na ra\u010dunalniku. V spodnjih galerijah je izbor del, s katerimi poka\u017eem svoje raznoliko videnje sveta. | 2017 &#8211; [&hellip;]\" \/>\n<meta property=\"og:url\" content=\"https:\/\/petergaber.com\/sl\/galerije\/\" \/>\n<meta property=\"og:site_name\" content=\"PETER GABER\" \/>\n<meta property=\"article:modified_time\" content=\"2023-06-23T19:24:30+00:00\" \/>\n<meta property=\"og:image\" content=\"https:\/\/petergaber.com\/wp-content\/uploads\/2023\/06\/image-1.png\" \/>\n<meta name=\"twitter:card\" content=\"summary_large_image\" \/>\n<script type=\"application\/ld+json\" class=\"yoast-schema-graph\">{\"@context\":\"https:\/\/schema.org\",\"@graph\":[{\"@type\":\"WebPage\",\"@id\":\"https:\/\/petergaber.com\/galerije\/\",\"url\":\"https:\/\/petergaber.com\/galerije\/\",\"name\":\"galerije - PETER GABER\",\"isPartOf\":{\"@id\":\"https:\/\/petergaber.com\/#website\"},\"primaryImageOfPage\":{\"@id\":\"https:\/\/petergaber.com\/galerije\/#primaryimage\"},\"image\":{\"@id\":\"https:\/\/petergaber.com\/galerije\/#primaryimage\"},\"thumbnailUrl\":\"https:\/\/petergaber.com\/wp-content\/uploads\/2023\/06\/image-1.png\",\"datePublished\":\"2023-05-31T15:11:37+00:00\",\"dateModified\":\"2023-06-23T19:24:30+00:00\",\"breadcrumb\":{\"@id\":\"https:\/\/petergaber.com\/galerije\/#breadcrumb\"},\"inLanguage\":\"sl-SI\",\"potentialAction\":[{\"@type\":\"ReadAction\",\"target\":[\"https:\/\/petergaber.com\/galerije\/\"]}]},{\"@type\":\"ImageObject\",\"inLanguage\":\"sl-SI\",\"@id\":\"https:\/\/petergaber.com\/galerije\/#primaryimage\",\"url\":\"https:\/\/petergaber.com\/wp-content\/uploads\/2023\/06\/image-1.png\",\"contentUrl\":\"https:\/\/petergaber.com\/wp-content\/uploads\/2023\/06\/image-1.png\"},{\"@type\":\"BreadcrumbList\",\"@id\":\"https:\/\/petergaber.com\/galerije\/#breadcrumb\",\"itemListElement\":[{\"@type\":\"ListItem\",\"position\":1,\"name\":\"Home\",\"item\":\"https:\/\/petergaber.com\/\"},{\"@type\":\"ListItem\",\"position\":2,\"name\":\"galerije\"}]},{\"@type\":\"WebSite\",\"@id\":\"https:\/\/petergaber.com\/#website\",\"url\":\"https:\/\/petergaber.com\/\",\"name\":\"PETER GABER\",\"description\":\"\",\"publisher\":{\"@id\":\"https:\/\/petergaber.com\/#\/schema\/person\/d9b0dcbd1dc37a3190ac8ed11d9359ba\"},\"potentialAction\":[{\"@type\":\"SearchAction\",\"target\":{\"@type\":\"EntryPoint\",\"urlTemplate\":\"https:\/\/petergaber.com\/?s={search_term_string}\"},\"query-input\":{\"@type\":\"PropertyValueSpecification\",\"valueRequired\":true,\"valueName\":\"search_term_string\"}}],\"inLanguage\":\"sl-SI\"},{\"@type\":[\"Person\",\"Organization\"],\"@id\":\"https:\/\/petergaber.com\/#\/schema\/person\/d9b0dcbd1dc37a3190ac8ed11d9359ba\",\"name\":\"pgaber\",\"image\":{\"@type\":\"ImageObject\",\"inLanguage\":\"sl-SI\",\"@id\":\"https:\/\/petergaber.com\/#\/schema\/person\/image\/\",\"url\":\"https:\/\/petergaber.com\/wp-content\/uploads\/2023\/06\/cropped-podpis.png\",\"contentUrl\":\"https:\/\/petergaber.com\/wp-content\/uploads\/2023\/06\/cropped-podpis.png\",\"width\":550,\"height\":200,\"caption\":\"pgaber\"},\"logo\":{\"@id\":\"https:\/\/petergaber.com\/#\/schema\/person\/image\/\"}}]}<\/script>\n<!-- \/ Yoast SEO plugin. -->","yoast_head_json":{"title":"galerije - PETER GABER","robots":{"index":"index","follow":"follow","max-snippet":"max-snippet:-1","max-image-preview":"max-image-preview:large","max-video-preview":"max-video-preview:-1"},"canonical":"https:\/\/petergaber.com\/sl\/galerije\/","og_locale":"sl_SI","og_type":"article","og_title":"galerije - PETER GABER","og_description":"Moje ustvarjanje ni omejeno s formatom ali tehniko. Slikam tako na ogromna platna, kot na manj\u0161a, u\u017eivam pa tudi v mini akvarelih. Prav tako sem doma\u010d v risbi in ilustraciji na papirju, kot tudi na grafi\u010dni tablici na ra\u010dunalniku. V spodnjih galerijah je izbor del, s katerimi poka\u017eem svoje raznoliko videnje sveta. | 2017 &#8211; [&hellip;]","og_url":"https:\/\/petergaber.com\/sl\/galerije\/","og_site_name":"PETER GABER","article_modified_time":"2023-06-23T19:24:30+00:00","og_image":[{"url":"https:\/\/petergaber.com\/wp-content\/uploads\/2023\/06\/image-1.png","type":"","width":"","height":""}],"twitter_card":"summary_large_image","schema":{"@context":"https:\/\/schema.org","@graph":[{"@type":"WebPage","@id":"https:\/\/petergaber.com\/galerije\/","url":"https:\/\/petergaber.com\/galerije\/","name":"galerije - PETER GABER","isPartOf":{"@id":"https:\/\/petergaber.com\/#website"},"primaryImageOfPage":{"@id":"https:\/\/petergaber.com\/galerije\/#primaryimage"},"image":{"@id":"https:\/\/petergaber.com\/galerije\/#primaryimage"},"thumbnailUrl":"https:\/\/petergaber.com\/wp-content\/uploads\/2023\/06\/image-1.png","datePublished":"2023-05-31T15:11:37+00:00","dateModified":"2023-06-23T19:24:30+00:00","breadcrumb":{"@id":"https:\/\/petergaber.com\/galerije\/#breadcrumb"},"inLanguage":"sl-SI","potentialAction":[{"@type":"ReadAction","target":["https:\/\/petergaber.com\/galerije\/"]}]},{"@type":"ImageObject","inLanguage":"sl-SI","@id":"https:\/\/petergaber.com\/galerije\/#primaryimage","url":"https:\/\/petergaber.com\/wp-content\/uploads\/2023\/06\/image-1.png","contentUrl":"https:\/\/petergaber.com\/wp-content\/uploads\/2023\/06\/image-1.png"},{"@type":"BreadcrumbList","@id":"https:\/\/petergaber.com\/galerije\/#breadcrumb","itemListElement":[{"@type":"ListItem","position":1,"name":"Home","item":"https:\/\/petergaber.com\/"},{"@type":"ListItem","position":2,"name":"galerije"}]},{"@type":"WebSite","@id":"https:\/\/petergaber.com\/#website","url":"https:\/\/petergaber.com\/","name":"PETER GABER","description":"","publisher":{"@id":"https:\/\/petergaber.com\/#\/schema\/person\/d9b0dcbd1dc37a3190ac8ed11d9359ba"},"potentialAction":[{"@type":"SearchAction","target":{"@type":"EntryPoint","urlTemplate":"https:\/\/petergaber.com\/?s={search_term_string}"},"query-input":{"@type":"PropertyValueSpecification","valueRequired":true,"valueName":"search_term_string"}}],"inLanguage":"sl-SI"},{"@type":["Person","Organization"],"@id":"https:\/\/petergaber.com\/#\/schema\/person\/d9b0dcbd1dc37a3190ac8ed11d9359ba","name":"pgaber","image":{"@type":"ImageObject","inLanguage":"sl-SI","@id":"https:\/\/petergaber.com\/#\/schema\/person\/image\/","url":"https:\/\/petergaber.com\/wp-content\/uploads\/2023\/06\/cropped-podpis.png","contentUrl":"https:\/\/petergaber.com\/wp-content\/uploads\/2023\/06\/cropped-podpis.png","width":550,"height":200,"caption":"pgaber"},"logo":{"@id":"https:\/\/petergaber.com\/#\/schema\/person\/image\/"}}]}},"_links":{"self":[{"href":"https:\/\/petergaber.com\/sl\/wp-json\/wp\/v2\/pages\/655","targetHints":{"allow":["GET"]}}],"collection":[{"href":"https:\/\/petergaber.com\/sl\/wp-json\/wp\/v2\/pages"}],"about":[{"href":"https:\/\/petergaber.com\/sl\/wp-json\/wp\/v2\/types\/page"}],"author":[{"embeddable":true,"href":"https:\/\/petergaber.com\/sl\/wp-json\/wp\/v2\/users\/1"}],"replies":[{"embeddable":true,"href":"https:\/\/petergaber.com\/sl\/wp-json\/wp\/v2\/comments?post=655"}],"version-history":[{"count":5,"href":"https:\/\/petergaber.com\/sl\/wp-json\/wp\/v2\/pages\/655\/revisions"}],"predecessor-version":[{"id":1752,"href":"https:\/\/petergaber.com\/sl\/wp-json\/wp\/v2\/pages\/655\/revisions\/1752"}],"wp:attachment":[{"href":"https:\/\/petergaber.com\/sl\/wp-json\/wp\/v2\/media?parent=655"}],"curies":[{"name":"wp","href":"https:\/\/api.w.org\/{rel}","templated":true}]}}